{"id":56,"date":"2021-11-26T00:34:50","date_gmt":"2021-11-26T05:34:50","guid":{"rendered":"https:\/\/h-dinsurance.ca\/?page_id=56"},"modified":"2022-02-28T13:44:16","modified_gmt":"2022-02-28T18:44:16","slug":"motorcycle-insurance","status":"publish","type":"page","link":"https:\/\/h-dinsurance.ca\/fr\/motorcycle-insurance\/","title":{"rendered":"Assurance Motocyclette"},"content":{"rendered":"<h2 class=\"wp-block-heading\">UNE COUVERTURE D'ASSURANCE MOTO POUR R\u00c9PONDRE \u00c0 VOS BESOINS<\/h2>\n\n\n\n<p class=\" translation-block\">Vous pouvez maintenant offrir \u00e0 votre moto la meilleure protection possible, con\u00e7ue en fonction des pr\u00e9occupations uniques des motocyclistes H-D\u00ae. Avec l'assurance Harley-Davidson\u00ae, vous pouvez choisir parmi un large \u00e9ventail de couvertures pour trouver la meilleure police pour votre moto.<br><br>Les services d'assurances de Harley-Davidson\u00ae peuvent vous fournir une grande protection et un service \u00e0 la client\u00e8le exceptionnel. Si vous avez un sinistre, des repr\u00e9sentants comp\u00e9tents qui connaissent les motos Harley-Davidson\u00ae sont pr\u00eats \u00e0 vous aider.<\/p>\n\n\n\n<h2 class=\"wp-block-heading\">Des couvertures d'assurance moto adapt\u00e9es pour une grande vari\u00e9t\u00e9 de types de motos, selon les conditions d\u2019admissibilit\u00e9 et selon la province :<\/h2>\n\n\n\n<div class=\"wp-block-columns is-layout-flex wp-container-core-columns-is-layout-9d6595d7 wp-block-columns-is-layout-flex\">\n<div class=\"wp-block-column is-layout-flow wp-block-column-is-layout-flow\" style=\"flex-basis:100%\">\n<div class=\"wp-block-columns is-layout-flex wp-container-core-columns-is-layout-9d6595d7 wp-block-columns-is-layout-flex\">\n<div class=\"wp-block-column is-layout-flow wp-block-column-is-layout-flow\">\n<ul class=\"wp-block-list\" id=\"block-2b3d4719-5b26-404a-9e5e-3ec5304a4693\"><li>Standard<\/li><li>Cruiser<\/li><li>Touring<\/li><li>Sportster<sup>\u00ae<\/sup><\/li><li>Street Rod<sup>\u00ae<\/sup><\/li><li>Softail<sup>\u00ae<\/sup><\/li><li>Dyna<sup>\u00ae<\/sup><\/li><li>S\u00e9rie S<\/li><\/ul>\n<\/div>\n\n\n\n<div class=\"wp-block-column is-layout-flow wp-block-column-is-layout-flow\">\n<ul class=\"wp-block-list\" id=\"block-b7e39a08-c427-414a-9583-f34e230647d2\"><li>Sport touring<\/li><li>Sport<\/li><li>Trike<\/li><li>CVO<sup>\u00ae<\/sup><\/li><li>V-Rod<sup>\u00ae<\/sup><\/li><li>Dual purpose<\/li><li>Scooter\/moped<\/li><li>Autocycle<\/li><\/ul>\n<\/div>\n<\/div>\n<\/div>\n<\/div>\n\n\n\n<p>Nous travaillerons avec vous pour trouver les garanties qui correspondent \u00e0 vos besoins et les protections s\u2019appliquent aussi \u00e0 tous les accessoires que vous ajouterez \u00e0 votre moto. <\/p>\n\n\n\n<p>Vous pouvez en savoir plus sur ces garanties et sur nos autres options d'assurances moto ci-dessous. N'h\u00e9sitez pas \u00e0 explorer le site! Quelle que soit la moto que vous conduisez, nous sommes certains que vous trouverez une offre de grande valeur et une couverture appropri\u00e9e.<\/p>\n\n\n\n<p class=\" translation-block\">Vous avez des questions sur nos couvertures ? Communiquez avec notre partenaire du Qu\u00e9bec J. G\u00e9rard Fortin et Associ\u00e9s Inc. d\u00e8s aujourd'hui.\n<h2>\nDES GARANTIES D'ASSURANCES POUR VOUS ET VOTRE MOTO\n<h2 \/>\n<h2>\nRESPONSABILIT\u00c9 CIVILE POUR DOMMAGES CORPORELS ET MAT\u00c9RIELS :\n<\/h2>\n<p>Pour toutes collisions entre v\u00e9hicules, entra\u00eenant des dommages mat\u00e9riels, des dommages corporels caus\u00e9s \u00e0 d\u2019autres personnes, y compris le d\u00e9c\u00e8s, caus\u00e9 \u00e0 des tiers autre que vous-m\u00eame, la couverture de l'assurance Responsabilit\u00e9 Civile vous prot\u00e8ge.<\/p><br \/>\n<p>Avec l\u2019avenant F.A.Q.34, l\u2019assurance de personnes, le capital assur\u00e9 offre une couverture de 15 000 $ en cas de d\u00e9c\u00e8s et une couverture en frais m\u00e9dicaux allant jusqu\u2019\u00e0 5 000 $. <\/p><br \/>\n<p>L\u2019indemnit\u00e9 payable par l\u2019assureur ne peut d\u00e9passer le montant d\u2019assurance, auquel s\u2019ajoutent les frais couverts par les garanties additionnelles. <\/p><br \/>\n<p>La Responsabilit\u00e9 Civile couvre le risque suivant : les cons\u00e9quences financi\u00e8res que peut subir une personne assur\u00e9e lorsqu\u2019elle est civilement responsable d\u2019un dommage caus\u00e9 \u00e0 une autre personne par un v\u00e9hicule assur\u00e9 ainsi que le  remboursement des frais de soins m\u00e9dicaux.<\/p><br \/>\n<p><strong>Protections disponibles : <\/strong><\/p><br \/>\n<p>Protection 1 \u2013 Garantie \u00ab tous risques \u00bb<\/p><br \/>\n<p>Protection 2 \u2013 Garantie contre les risques de collision et de renversement<\/p><br \/>\n<p>Protection 3 \u2013 Garantie contre les risques qui ne sont pas une collision ou un renversement<\/p><br \/>\n<p>Protection 4 - Garantie contre des risques sp\u00e9cifiques<\/p><br \/>\n\n<h2>ASSISTANCE ROUTI\u00c8RE :<\/h2>\n<p>L\u2019avenant F.A.Q.33 est la couverture pour les frais d\u2019assistance routi\u00e8re. <\/p><br \/>\n<p>Cette assistance est disponible pour vous 24h\/24, 7 jours sur 7, partout au Canada et aux \u00c9tats-Unis. <\/p><br \/>\n<p>Le remorquage est sans frais, jusqu\u2019au centre de service le plus pr\u00e8s (jusqu\u2019\u00e0 200 km) dans les situations suivantes : d\u00e9marrage d\u2019urgence, survoltage, crevaison, panne s\u00e8che et plus encore. <\/p><br \/>\n\n<h2>F.A.Q. # 25 ACCESSOIRES, CHROME ET \u00c9QUIPEMENT <\/h2>\n\n<p>L\u2019avenant F.A.Q. # 25 est la protection sans frais pour le chrome et les accessoires ainsi que la personnalisation de la moto pour un montant de 6 000 $ la premi\u00e8re ann\u00e9e (index\u00e9e de 1 000 $ \u00e0 chaque ann\u00e9e jusqu'\u00e0 9 000 $ max.) <\/p><br \/>\n\n<p>En option, vous pouvez \u00e9galement couvrir les accessoires \u00e9lectroniques ajout\u00e9s \u00e0 la moto, autres que les \u00e9quipements.<\/p><br \/>\n\n<p>Chez Harley-Davidson\u00ae Insurance Services, nous voulons vous aider \u00e0 prot\u00e9ger les investissements que vous avez faits en modifiant votre moto. Notre couverture des \u00e9quipements optionnels prot\u00e8ge les \u00e9quipements de votre moto qui ne sont pas de s\u00e9rie. <\/p><br \/>\n<p>Le fabricant de votre moto d\u00e9finit les \u00e9quipements de s\u00e9rie par le num\u00e9ro d'identification du v\u00e9hicule (NIV) et en avantages additionnels. <\/p><br \/>\n\n<p>Si la moto est achet\u00e9e dans les 12 derniers mois apr\u00e8s le 12 avril 2017 (neuve, d\u00e9mo de moins de 3 000 km ou d\u2019origine certifi\u00e9e H-D) : <\/p><br \/>\n\n\n\n<p>\u2022 Pi\u00e8ces de remplacement d\u2019origine Harley-Davidson en cas de sinistre <\/p><br \/>\n<p>\u2022 Rabais affinit\u00e9 de 5 % <\/p><br \/>\n\n\n<h2>ASSURANCE LOCATION F.A.Q. # 27 A :<\/h2>\n\n<p>Vous \u00eates propri\u00e9taire de moto et vous voulez louer une moto juste pour le plaisir ? Obtenez le m\u00eame niveau de protection pour une moto lou\u00e9e aupr\u00e8s d'un \u00e9tablissement ou d'un concessionnaire autoris\u00e9 que pour votre propre moto gr\u00e2ce \u00e0 notre avenant le F.A.Q. 27 A sur une moto d\u2019une valeur maximale de 50 000$ avec une franchise de 500$. Parlez-en \u00e0 votre courtier.<\/p>\n\n<h2>Protection en cas de perte totale ou de vol complet<\/h2>\n\n<h2>MODIFICATION \u00c0 L\u2019INDEMNISATION (CHAPITRE B) \/ INDEMNISATION SANS D\u00c9PR\u00c9CIATION <\/h2>\n\n<h2>L\u2019avenant F.A.Q. # 43 A et D est optionnel:<\/h2>\n\n<p>\u2022\tElle doit \u00eatre prise dans les 15 jours suivant l\u2019achat; <\/p><br \/>\n<p>\u2022\tUne protection d\u2019assurance compl\u00e8te est requise;  <\/p><br \/>\n<p>\u2022\tLa dur\u00e9e maximale de la protection est de 5 ans;<\/p><br \/>\n<p>\u2022\tLa moto doit \u00eatre de l\u2019ann\u00e9e courante ou subs\u00e9quente, achet\u00e9e neuve ou lou\u00e9e par l\u2019assur\u00e9. Un d\u00e9monstrateur de l\u2019ann\u00e9e courante ne doit pas exc\u00e9der 3 000 km; <\/p><br \/>\n<p>\u2022\tSi la protection est d\u00e9j\u00e0 assur\u00e9e par son assureur ant\u00e9rieur et que vous d\u00e9sirez poursuivre la protection, une copie de la police sera requise. <\/p><br \/>\n\n<p>Si votre moto est d\u00e9clar\u00e9e perte totale, vous pourrez remplacer votre moto et vos \u00e9quipements selon la valeur pay\u00e9e lors de l\u2019achat gr\u00e2ce \u00e0 la garantie valeur \u00e0 neuf d\u2019Harley-Davidson\u00ae.<\/p><br \/>\n\n<h2>L\u2019avenant F.A.Q. # 20 est optionnel :<\/h2>\n\n<p>Cette garantie correspond au montant \u00e9ligible quotidien auquel vous avez doit lors de la location d\u2019un v\u00e9hicule suite \u00e0 un sinistre couvert. Avec le programme de Harley-Davidson, elle sera bonifi\u00e9e de 2 000 $ par sinistre sans aucune limitation quotidienne. <\/p><br \/>\n\n<h2>L\u2019avenant F.A.Q. # 41 \u2013 Suppression de la franchise en cas de perte totale incluant le vol complet <\/h2>\n\n<p>Lors d\u2019une perte totale ou d\u2019un vol complet, l\u2019assureur ne vous demandera pas de payer la franchise que vous avez aux conditions particuli\u00e8res.<\/p><br \/>\n\n<h2>FRAIS ENGAG\u00c9S EN COURS DE VACANCES <\/h2>\n\n<p>Votre moto est-elle votre seul moyen de transport ? Comment vous vous d\u00e9placeriez si elle \u00e9tait inutilisable en raison d'un accident ? Gr\u00e2ce \u00e0 la couverture de remboursement des frais de location du programme de Harley-Davidson\u00ae Insurance, l\u2019assureur paiera les frais de transport admissibles dans certaines circonstances. Elle s\u2019appliquera dans la situation suivante : Lors d\u2019une interruption de voyage (plus de 100 km de la r\u00e9sidence) caus\u00e9e par un sinistre couvert et selon les limites de la police d\u2019assurance.<\/p><br \/>\n\n<h2>COUVERTURE DES FRAIS M\u00c9DICAUX :<\/h2>\n<p>Si vous \u00eates victime d'un accident, notre couverture des frais m\u00e9dicaux peut vous aider, vous et votre passager, \u00e0 payer vos frais m\u00e9dicaux.<\/p><br \/>\n<p>Avec l\u2019avenant F.A.Q. #34, l\u2019assurance de personnes, le capital assur\u00e9 offre une couverture de 15 000 $ en cas de d\u00e9c\u00e8s et une couverture en frais m\u00e9dicaux allant jusqu\u2019\u00e0 5 000 $. <\/p><br \/>\n<p>L\u2019indemnit\u00e9 payable par l\u2019assureur ne peut d\u00e9passer le montant d\u2019assurance, auquel s\u2019ajoutent les frais couverts par les garanties additionnelles.<\/p><br \/>\n\n\n<h2>PROTECTION CONTRE LES BLESSURES CORPORELLES   :<\/h2>\n<p>La protection contre les pr\u00e9judices corporels au Qu\u00e9bec est prise en charge par la SAAQ. <\/p><br \/>\n<p>*Les couvertures, les rabais et les avantages varient dans chaque province et pour chaque assureur qui souscrivent \u00e0 des risques, par l\u2019entremise de l\u2019assurance Harley-Davidson\u00ae, partenaire de My Insurance Broker Corp.<\/p><br \/><\/p>\n\n\n\n<h2 class=\"wp-block-heading\"><span style=\"height:0px\"><\/span><\/h2>\n\n\n\n<h2 class=\"wp-block-heading\"><span style=\"height:0px\"><\/span><\/h2>\n\n\n\n<p><span style=\"height:0px\"><\/span><\/p>\n\n\n\n<h2 class=\"wp-block-heading\"><span style=\"height:0px\"><\/span><\/h2>\n\n\n\n<p><span style=\"height:0px\"><\/span><\/p>\n\n\n\n<p><span style=\"height:0px\"><\/span><\/p>\n\n\n\n<p><span style=\"height:0px\"><\/span><\/p>\n\n\n\n<p><span style=\"height:0px\"><\/span><\/p>\n\n\n\n<p><span style=\"height:0px\"><\/span><\/p>\n\n\n\n<p><span style=\"height:0px\"><\/span><\/p>\n\n\n\n<h2 class=\"wp-block-heading\"><span style=\"height:0px\"><\/span><\/h2>\n\n\n\n<p><span style=\"height:0px\"><\/span><\/p>\n\n\n\n<h2 class=\"wp-block-heading\"><span style=\"height:0px\"><\/span><\/h2>\n\n\n\n<p><span style=\"height:0px\"><\/span><\/p>\n\n\n\n<h2 class=\"wp-block-heading\"><span style=\"height:0px\"><\/span><\/h2>\n\n\n\n<p><span style=\"height:0px\"><\/span><\/p>\n\n\n\n<h2 class=\"wp-block-heading\"><span style=\"height:0px\"><\/span><\/h2>\n\n\n\n<p><span style=\"height:0px\"><\/span><\/p>\n\n\n\n<h2 class=\"wp-block-heading\"><span style=\"height:0px\"><\/span><\/h2>\n\n\n\n<p><span style=\"height:0px\"><\/span><\/p>\n\n\n\n<h2 class=\"wp-block-heading\"><span style=\"height:0px\"><\/span><\/h2>\n\n\n\n<p><span style=\"height:0px\"><\/span><\/p>\n\n\n\n<h2 class=\"wp-block-heading\"><span style=\"height:0px\"><\/span><\/h2>\n\n\n\n<p><span style=\"height:0px\"><\/span><\/p>\n\n\n\n<h2 class=\"wp-block-heading\"><span style=\"height:0px\"><\/span><\/h2>\n\n\n\n<p><span style=\"height:0px\"><\/span><\/p>\n\n\n\n<h2 class=\"wp-block-heading\"><span style=\"height:0px\"><\/span><\/h2>\n\n\n\n<p><span style=\"height:0px\"><\/span><\/p>\n\n\n\n<p><span style=\"height:0px\"><\/span><\/p>","protected":false},"excerpt":{"rendered":"<p>MOTORCYCLE INSURANCE COVERAGE TO MEET YOUR NEEDS Now you can give your motorcycle the very best protection, designed with the unique concerns of H-D\u00ae&nbsp;motorcycle riders in mind. With Harley-Davidson Insurance, you can choose from a wide range of coverages to find the best policy for your motorcycle. Harley-Davidson Insurance Services can provide you with great [&hellip;]<\/p>","protected":false},"author":1,"featured_media":62,"parent":0,"menu_order":0,"comment_status":"closed","ping_status":"closed","template":"","meta":{"content-type":"","footnotes":""},"class_list":["post-56","page","type-page","status-publish","has-post-thumbnail","hentry"],"_links":{"self":[{"href":"https:\/\/h-dinsurance.ca\/fr\/wp-json\/wp\/v2\/pages\/56","targetHints":{"allow":["GET"]}}],"collection":[{"href":"https:\/\/h-dinsurance.ca\/fr\/wp-json\/wp\/v2\/pages"}],"about":[{"href":"https:\/\/h-dinsurance.ca\/fr\/wp-json\/wp\/v2\/types\/page"}],"author":[{"embeddable":true,"href":"https:\/\/h-dinsurance.ca\/fr\/wp-json\/wp\/v2\/users\/1"}],"replies":[{"embeddable":true,"href":"https:\/\/h-dinsurance.ca\/fr\/wp-json\/wp\/v2\/comments?post=56"}],"version-history":[{"count":9,"href":"https:\/\/h-dinsurance.ca\/fr\/wp-json\/wp\/v2\/pages\/56\/revisions"}],"predecessor-version":[{"id":247,"href":"https:\/\/h-dinsurance.ca\/fr\/wp-json\/wp\/v2\/pages\/56\/revisions\/247"}],"wp:featuredmedia":[{"embeddable":true,"href":"https:\/\/h-dinsurance.ca\/fr\/wp-json\/wp\/v2\/media\/62"}],"wp:attachment":[{"href":"https:\/\/h-dinsurance.ca\/fr\/wp-json\/wp\/v2\/media?parent=56"}],"curies":[{"name":"wp","href":"https:\/\/api.w.org\/{rel}","templated":true}]}}