{"id":294,"date":"2022-06-24T23:03:53","date_gmt":"2022-06-25T03:03:53","guid":{"rendered":"https:\/\/h-dinsurance.ca\/?page_id=294"},"modified":"2025-01-29T14:48:40","modified_gmt":"2025-01-29T19:48:40","slug":"contest","status":"publish","type":"page","link":"https:\/\/h-dinsurance.ca\/fr\/contest\/","title":{"rendered":"ENTRER POUR GAGNER"},"content":{"rendered":"<figure class=\"wp-block-image size-full hide-on-mobile\"><img loading=\"lazy\" decoding=\"async\" width=\"1024\" height=\"473\" src=\"https:\/\/h-dinsurance.ca\/wp-content\/uploads\/2025\/01\/H-D-CONTEST_2025-1.png\" alt=\"\" class=\"wp-image-455\" srcset=\"https:\/\/h-dinsurance.ca\/wp-content\/uploads\/2025\/01\/H-D-CONTEST_2025-1.png 1024w, https:\/\/h-dinsurance.ca\/wp-content\/uploads\/2025\/01\/H-D-CONTEST_2025-1-300x139.png 300w, https:\/\/h-dinsurance.ca\/wp-content\/uploads\/2025\/01\/H-D-CONTEST_2025-1-768x355.png 768w, https:\/\/h-dinsurance.ca\/wp-content\/uploads\/2025\/01\/H-D-CONTEST_2025-1-18x8.png 18w\" sizes=\"auto, (max-width: 1024px) 100vw, 1024px\" \/><\/figure>\n\n\n\n<figure class=\"wp-block-image size-full is-resized hide-on-desktop\"><img loading=\"lazy\" decoding=\"async\" width=\"422\" height=\"916\" src=\"https:\/\/h-dinsurance.ca\/wp-content\/uploads\/2025\/01\/H-D-CONTEST_MOBILE_2025-1.png\" alt=\"\" class=\"wp-image-456\" style=\"width:423px;height:auto\" srcset=\"https:\/\/h-dinsurance.ca\/wp-content\/uploads\/2025\/01\/H-D-CONTEST_MOBILE_2025-1.png 422w, https:\/\/h-dinsurance.ca\/wp-content\/uploads\/2025\/01\/H-D-CONTEST_MOBILE_2025-1-138x300.png 138w, https:\/\/h-dinsurance.ca\/wp-content\/uploads\/2025\/01\/H-D-CONTEST_MOBILE_2025-1-6x12.png 6w\" sizes=\"auto, (max-width: 422px) 100vw, 422px\" \/><\/figure>\n\n\n\n<div style=\"height:50px\" aria-hidden=\"true\" class=\"wp-block-spacer\"><\/div>\n\n\n\n<div class=\"wp-block-columns is-layout-flex wp-container-core-columns-is-layout-9d6595d7 wp-block-columns-is-layout-flex\">\n<div class=\"wp-block-column is-layout-flow wp-block-column-is-layout-flow\">\n<script charset=\"utf-8\" type=\"text\/javascript\" src=\"\/\/js.hsforms.net\/forms\/embed\/v2.js\"><\/script>\n<script>\n  hbspt.forms.create({\n    region: \"na1\",\n    portalId: \"24228197\",\n    formId: \"7dea1038-ce5e-4614-8ab2-75b6493c7142\"\n  });\n<\/script>\n<\/div>\n\n\n\n<div class=\"wp-block-column is-layout-flow wp-block-column-is-layout-flow\">\n<h3 class=\"wp-block-heading\"><strong>CONCOURS<\/strong><\/h3>\n\n\n\n<p>Ride the legend, own the art. This one-of-a-kind metal print could be yours \u2014 just fill in the form and you\u2019ll be entered to win. That\u2019s all you need to do!<\/p>\n\n\n\n<p>Only TWO (2) GRAND PRIZES will be awarded. Each winner will receive:<\/p>\n\n\n\n<p>\u2013 One H-D Metal Print (36&#8243; x 24&#8243;) featuring an image of the legendary H-D Sportster 883.<\/p>\n\n\n\n<p>\u2013 Limited exclusive production of 2 pieces.<\/p>\n\n\n\n<hr class=\"wp-block-separator has-alpha-channel-opacity\"\/>\n\n\n\n<p><strong>R\u00e8glement du concours (conditions g\u00e9n\u00e9rales)<\/strong><\/p>\n\n\n\n<p>1. Two grand prizes are to be awarded on May 1, 2025. Winners will be notified by phone and\/or email.<\/p>\n\n\n\n<p>2. Each grand prize consists of a H-D Metal Print (36&#8243; x 24&#8243;).<\/p>\n\n\n\n<p>3. To be eligible, all entrants must be 18 years of age or older at the time of entry.<\/p>\n\n\n\n<p>4. To enter this contest, entrants must complete the form on this page before 11:59:59 pm on March 31, 2025.<\/p>\n\n\n\n<p>5. The winners of the grand prize will be chosen at random from all eligible entrants. Odds of winning are dependent upon the number of eligible entrants in this contest.<\/p>\n\n\n\n<p>6. By entering this contest, I agree to comply with all rules of the contest and give permission for My Insurance Broker Corp. and all of its subsidiaries and programs, including Harley-Davidson Insurance, to use my name and\/or image on any and all of their social media channels should I be randomly selected as the winner of the grand prize or any additional prizes that may be awarded.<\/p>\n\n\n\n<p>7. All decisions made by the organizers of this contest, My Insurance Broker Corp., are final.<\/p>\n\n\n\n<p>8. Should Harley-Davidson Insurance Provided by My Insurance Broker be unable to deliver or fulfill any prize, the contest organizer, My Insurance Broker, reserves the right to substitute a prize of similar value solely at their discretion.<\/p>\n\n\n\n<ol start=\"1\" class=\"wp-block-list\">\n<li><\/li>\n<\/ol>\n\n\n\n<p>All decisions made by the organizers of this contest, My Insurance Broker Corp., are final.<\/p>\n\n\n\n<p>Harley-Davidson Motor Company and Harley-Davidson Financial Services Inc. are not directly affiliated with this contest in any way.<\/p>\n<\/div>\n<\/div>","protected":false},"excerpt":{"rendered":"<p>CONTEST Ride the legend, own the art. This one-of-a-kind metal print could be yours \u2014 just fill in the form and you\u2019ll be entered to win. That\u2019s all you need to do! Only TWO (2) GRAND PRIZES will be awarded. Each winner will receive: \u2013 One H-D Metal Print (36&#8243; x 24&#8243;) featuring an image [&hellip;]<\/p>","protected":false},"author":1,"featured_media":0,"parent":0,"menu_order":0,"comment_status":"closed","ping_status":"closed","template":"","meta":{"content-type":"","footnotes":""},"class_list":["post-294","page","type-page","status-publish","hentry"],"_links":{"self":[{"href":"https:\/\/h-dinsurance.ca\/fr\/wp-json\/wp\/v2\/pages\/294","targetHints":{"allow":["GET"]}}],"collection":[{"href":"https:\/\/h-dinsurance.ca\/fr\/wp-json\/wp\/v2\/pages"}],"about":[{"href":"https:\/\/h-dinsurance.ca\/fr\/wp-json\/wp\/v2\/types\/page"}],"author":[{"embeddable":true,"href":"https:\/\/h-dinsurance.ca\/fr\/wp-json\/wp\/v2\/users\/1"}],"replies":[{"embeddable":true,"href":"https:\/\/h-dinsurance.ca\/fr\/wp-json\/wp\/v2\/comments?post=294"}],"version-history":[{"count":40,"href":"https:\/\/h-dinsurance.ca\/fr\/wp-json\/wp\/v2\/pages\/294\/revisions"}],"predecessor-version":[{"id":457,"href":"https:\/\/h-dinsurance.ca\/fr\/wp-json\/wp\/v2\/pages\/294\/revisions\/457"}],"wp:attachment":[{"href":"https:\/\/h-dinsurance.ca\/fr\/wp-json\/wp\/v2\/media?parent=294"}],"curies":[{"name":"wp","href":"https:\/\/api.w.org\/{rel}","templated":true}]}}