{"id":174,"date":"2022-01-19T14:57:26","date_gmt":"2022-01-19T19:57:26","guid":{"rendered":"https:\/\/h-dinsurance.ca\/?page_id=174"},"modified":"2022-02-28T15:21:15","modified_gmt":"2022-02-28T20:21:15","slug":"home-insurance","status":"publish","type":"page","link":"https:\/\/h-dinsurance.ca\/fr\/home-insurance\/","title":{"rendered":"Assurance Habitation"},"content":{"rendered":"<p class=\" translation-block\">Qu'un conducteur de Harley\u00ae soit propri\u00e9taire d'une maison, d'un condo ou qu'il soit locataire, l'assurance Harley-Davidson\u00ae fournie par My Insurance Broker Corp. en collaboration avec J G\u00e9rard Fortin et Associ\u00e9s inc. vous couvre! Les polices d\u2019assurances habitation compl\u00e8tes pour propri\u00e9taires, les protections pour copropri\u00e9taires et les assurances pour locataires sont toutes con\u00e7ues pour prot\u00e9ger vos deux biens les plus pr\u00e9cieux : Votre famille et votre habitation<\/p>\n\n\n\n<h3 class=\"wp-block-heading\"><strong><em>Les avantages de l'assurance habitation offerte par l'assurance Harley-Davidson\u00ae fournie par My Insurance Broker Corp.*, distribu\u00e9e par notre partenaire J G\u00e9rard Fortin et Associ\u00e9s Inc.<\/em><\/strong>*<\/h3>\n\n\n\n<p>\u2022 Rabais multiplicateur pouvant aller jusqu'\u00e0 25 % de votre prime d'assurance habitation et jusqu'\u00e0 15 % sur votre assurance automobile, si vous assurez un v\u00e9hicule (moto et\/ou auto) et vos biens (maison, copropri\u00e9t\u00e9 ou locataire) par l'entremise de l'assurance Harley-Davidson\u00ae fournie par My Insurance Broker Corp.;<\/p>\n\n\n\n<p>\u2022 \u00c9conomisez jusqu'\u00e0 20 % de plus sur votre assurance habitation gr\u00e2ce \u00e0 notre rabais sans sinistre, si vous n'avez pas de sinistre r\u00e9cent;<\/p>\n\n\n\n<p>\u2022 Profitez des options de couverture am\u00e9lior\u00e9es pour le dommage d\u2019eau offertes par l'assurance Harley-Davidson\u00ae fournie par My Insurance Broker Corp.;<\/p>\n\n\n\n<p>\u2022 Les garanties d\u2019assurance titre et de vol d'identit\u00e9 sont importantes de nos jours et nous vous couvrons avec une vari\u00e9t\u00e9 d'options disponibles;<\/p>\n\n\n\n<p>\u2022 Des r\u00e9ductions suppl\u00e9mentaires pour les alarmes vols et incendies reli\u00e9es \u00e0 une centrale ainsi que pour les gicleurs et les dispositifs d'att\u00e9nuation des d\u00e9g\u00e2ts d\u2019eau, tels qu'une pompe \u00e0 puisard ou un clapet anti-retours;<\/p>\n\n\n\n<p>\u2022 Des avenants sont \u00e9galement offerts pour assurer les bijoux, les meubles et les objets d\u2019art de grande valeur et autres articles que vous pouvez assur\u00e9s s\u00e9par\u00e9ment pour une protection plus adapt\u00e9e.\n<br \/><br \/>\n*Les couvertures, les rabais et les avantages varient dans chaque province et pour chaque assureur qui souscrivent \u00e0 des risques, par l\u2019entremise de l\u2019assurance Harley-Davidson\u00ae,  partenaire de My Insurance Broker Corp.<\/p>\n\n\n\n<p><em><span style=\"height:0px\"><\/span><\/em><\/p>\n\n\n\n<h2 class=\"wp-block-heading\"><strong><em>Police d\u2019assurance des b\u00e2timents et du contenu :<\/em><\/strong><\/h2>\n\n\n\n<p>La police standard pour les propri\u00e9taires comprend :<\/p>\n\n\n\n<p>Section I \u2013 Garanties pour les dommages aux Biens<\/p>\n\n\n\n<p>Section II - Garanties pour la Responsabilit\u00e9 Civile<\/p>\n\n\n\n<p>Si l'on regarde \u00e0 la premi\u00e8re page, on y retrouve les conditions particuli\u00e8res d'une assurance habitation. Cette protection est g\u00e9n\u00e9ralement d\u00e9compos\u00e9e en sections :<\/p>\n\n\n\n<p>Section I : Garanties des Biens<\/p>\n\n\n\n<p>\u2022 GARANTIE -1 : B\u00e2timent d'habitation<\/p>\n\n\n\n<p>\u2022 GARANTIE -2 : Biens meubles (contenu)<\/p>\n\n\n\n<p>\u2022 GARANTIE -3 : D\u00e9pendances<\/p>\n\n\n\n<p>\u2022 GARANTIE -4 : Frais de subsistance suppl\u00e9mentaire et valeur locative Garanties<\/p>\n\n\n\n<p>Section II : Garanties pour la Responsabilit\u00e9 Civile<\/p>\n\n\n\n<p>\u2022 Garantie 10 \u2013 Responsabilit\u00e9 Civile<\/p>\n\n\n\n<p>\u2022 Garantie 11 \u2013 Remboursement volontaire des frais m\u00e9dicaux ou d\u2019obs\u00e8ques<\/p>\n\n\n\n<h3 class=\"wp-block-heading\"><strong>Section I - Garanties des Biens<\/strong><\/h3>\n\n\n\n<p>Garantie 1 - B\u00e2timent d'habitation<\/p>\n\n\n\n<p>En plus du b\u00e2timent, lorsqu\u2019ils se trouvent sur les lieux assur\u00e9s, sont \u00e9galement couverts :\n<br \/><br \/>\n\u2022 Les mat\u00e9riaux et fournitures destin\u00e9s \u00e0 la construction; <br \/>\n\u2022 Les installations ext\u00e9rieures permanentes; <br \/>\n\u2022 La transformation ou la r\u00e9paration du b\u00e2timent d\u2019habitation, de ses annexes, de ses d\u00e9pendances ou de ses installations ext\u00e9rieures;<br \/>\n\u2022 Les patios et plates-formes non fix\u00e9s \u00e0 votre b\u00e2timent d\u2019habitation donnant directement acc\u00e8s \u00e0 ses piscines ou spas.<br \/><\/p>\n\n\n\n<p>Garantie 2 - Biens meubles (contenu)<\/p>\n\n\n\n<p>Cette garantie s'applique si un montant d'assurance est mentionn\u00e9 aux conditions particuli\u00e8res.\nLorsqu\u2019ils se trouvent sur les lieux assur\u00e9s, sont \u00e9galement couverts les biens habituels \u00e0 une habitation, qui vous appartiennent ou dont vous avez l\u2019usage. Vos biens personnels comprenant \u00ab tout le contenu de l\u2019habitation et les v\u00eatements et autres articles personnels que vous poss\u00e9dez, que vous portez ou que vous utilisez lorsque vous \u00eates sur les lieux \u00bb, sous r\u00e9serve des limites d'assurance.<\/p>\n\n\n\n<p>Garantie 3 - D\u00e9pendances<\/p>\n\n\n\n<p>Le montant d\u2019assurance pour ces d\u00e9pendances correspond \u00e0 l'une des deux possibilit\u00e9s ci-dessous : <br \/><br \/>\n1) 10 % du montant d\u2019assurance de la Garantie 1 \u2013 B\u00e2timent d\u2019habitation mentionn\u00e9 aux Conditions particuli\u00e8res. Ce montant d\u2019assurance est inclus dans le montant d\u2019assurance de la Garantie 1 \u2013 B\u00e2timent d\u2019habitation mentionn\u00e9 aux Conditions particuli\u00e8res. <br \/><br \/>\n2) \u00c0 concurrence du montant de la Garantie 3 \u2013 D\u00e9pendances mentionn\u00e9 aux Conditions particuli\u00e8res.<\/p>\n\n\n\n<p>Garantie 4 - Frais de subsistance suppl\u00e9mentaires et valeur locative<\/p>\n\n\n\n<p>Cette garantie ne s\u2019applique pas aux habitations secondaires ou saisonni\u00e8res. \nSont \u00e9galement couverts : <br \/><br \/>\n\u2022\tJusqu\u2019\u00e0 concurrence de 10 % du montant d\u2019assurance de la Garantie 2 \u2013 Biens meubles (contenu) mentionn\u00e9 aux Conditions particuli\u00e8res, et sans que ce montant d\u2019assurance soit augment\u00e9, <br \/><br \/>\n\u2022\tLes frais de subsistance suppl\u00e9mentaires : Lorsque votre habitation est rendue inutilisable en raison de dommages occasionn\u00e9s aux biens assur\u00e9s par un sinistre couvert, lorsque le b\u00e2timent d\u2019habitation ou ses d\u00e9pendances, ou une partie de ceux-ci, donn\u00e9s ou offerts en location, sont rendus inutilisables en raison de dommages occasionn\u00e9s aux biens assur\u00e9s par un sinistre couvert.<\/p>\n\n\n\n<h3 class=\"wp-block-heading\"><strong>Section II - Garanties de Responsabilit\u00e9 Civile<\/strong><\/h3>\n\n\n\n<p>Garantie 10 \u2013 Responsabilit\u00e9 Civile<\/p>\n\n\n\n<p>Le montant d\u2019assurance mentionn\u00e9 aux conditions particuli\u00e8res pour la Garantie 10 est le maximum admissible par sinistre pour l\u2019ensemble des responsabilit\u00e9s ci-dessous. La garantie se limite aux dommages-int\u00e9r\u00eats compensatoires. Sont \u00e9galement couvertes :  Les cons\u00e9quences financi\u00e8res de la Responsabilit\u00e9 Civile qui peuvent vous incomber en raison de dommages corporels ou de dommages mat\u00e9riels caus\u00e9s involontairement \u00e0 des tiers, ainsi que la privation de jouissance qui d\u00e9coule de ces dommages. Si vous \u00eates poursuivi pour des dommages admissibles au titre de la Garantie 10 \u2013 Responsabilit\u00e9 Civile, nous prendrons votre d\u00e9fense, \u00e0 nos frais partout dans le monde.<\/p>\n\n\n\n<p>Garantie 11 \u2013 Remboursement volontaire des frais m\u00e9dicaux ou d\u2019obs\u00e8ques<\/p>\n\n\n\n<p>Un montant d'assurance de 1 000 $ pour la Garantie 11 repr\u00e9sente le maximum pay\u00e9 par victime du fait d'un sinistre. \u00c0 votre demande, nous rembourserons, et ce, m\u00eame en l\u2019absence de toute responsabilit\u00e9 de votre part, les frais m\u00e9dicaux ou d\u2019obs\u00e8ques engag\u00e9s par ou pour la victime d\u2019un accident caus\u00e9 par vous ou qui survient du fait de la propri\u00e9t\u00e9, de l\u2019entretien ou de l\u2019utilisation des lieux assur\u00e9s. \nNous entendons par frais m\u00e9dicaux, les frais engag\u00e9s pour les services d\u2019ambulance et les soins chirurgicaux, dentaires, hospitaliers, infirmiers et m\u00e9dicaux. Ces frais doivent avoir \u00e9t\u00e9 engag\u00e9s dans les 12 mois suivant l\u2019accident qui les a occasionn\u00e9s.<\/p>\n\n\n\n<p>\u00c9galement, un montant d'assurance de 500 $ pour la Garantie 12 repr\u00e9sente le maximum pay\u00e9 par sinistre. \u00c0 votre demande, nous indemniserons les tiers pour des dommages mat\u00e9riels caus\u00e9s par vous \u00e0 leurs biens, m\u00eame en l\u2019absence de toute responsabilit\u00e9 de votre part, y compris les dommages mat\u00e9riels caus\u00e9s intentionnellement par un assur\u00e9 \u00e2g\u00e9 de 12 ans ou moins.<\/p>\n\n\n\n<h3 class=\"wp-block-heading\"><strong><em>ASSURANCE DES LOCATAIRES OCCUPANTS<\/em><\/strong><\/h3>\n\n\n\n<p>Garanties de l'assurance locataire<\/p>\n\n\n\n<p>Cette partie couvre vos biens meubles et les am\u00e9liorations faites, acquises ou lou\u00e9es par vous. Elle couvre aussi les frais de subsistance suppl\u00e9mentaires ou la valeur locative de votre habitation en cas de sinistre couvert qui la rend inutilisable. Avant de louer votre r\u00e9sidence principale ou secondaire, contactez votre courtier certifi\u00e9 pour vous assurer que votre assurance habitation vous procure une protection suffisante et qu\u2019aucune exclusion ne s\u2019applique.<\/p>\n\n\n\n<p>Vous \u00eates \u00e9galement couverts contre les r\u00e9clamations que des tiers pr\u00e9sentent contre vous en raison de dommages corporels ou mat\u00e9riels caus\u00e9s involontairement et qui d\u00e9coulent des activit\u00e9s de votre vie priv\u00e9e ou des lieux assur\u00e9s.Cette police couvre aussi le remboursement volontaire des frais m\u00e9dicaux et d\u2019obs\u00e8ques et le r\u00e8glement volontaire des dommages mat\u00e9riels \u00e0 un tiers. De plus, cette partie couvre vos employ\u00e9s de maison en cas d\u2019accidents qui surviennent dans l\u2019exercice de leurs fonctions et qui leurs occasionnent des dommages corporels. Vous \u00eates \u00e9galement indemnis\u00e9s en cas d\u2019incendie mortel qui survient dans votre habitation principale.<\/p>\n\n\n\n<p>Cette garantie couvre les cons\u00e9quences financi\u00e8res de la Responsabilit\u00e9 Civile qui peuvent vous incomber en raison de dommages corporels ou de dommages mat\u00e9riels caus\u00e9s involontairement \u00e0 des tiers, ainsi que la privation de jouissance Cette garantie couvre les cons\u00e9quences financi\u00e8res de la Responsabilit\u00e9 Civile qui peuvent vous incomber en raison de dommages corporels ou de dommages mat\u00e9riels caus\u00e9s involontairement \u00e0 des tiers, ainsi que la privation de jouissance qui d\u00e9coule de ces dommages. Si vous \u00eates poursuivi pour des dommages couverts au titre de la Garantie 10 \u2013 Responsabilit\u00e9 Civile, l\u2019assureur prendra votre d\u00e9fense, \u00e0 ses frais.<\/p>\n\n\n\n<p>Lorsque survient un vol (si un avenant est ajout\u00e9 \u00e0 votre contrat pour cette protection), une perte ou une disparition inexpliqu\u00e9e, pour l\u2019ensemble des biens, l\u2019assureur paiera un montant maximal de la limitation du montant payable. Aussi, vous serez indemnis\u00e9s en cas d\u2019incendie mortel qui survient dans votre habitation principale, Pour un d\u00e9g\u00e2t d\u2019eau, ces dommages pourraient \u00eatre couverts si un avenant est ajout\u00e9 \u00e0 votre contrat. Il est bon de conserver un inventaire de vos biens sur une plateforme ou un courriel.<\/p>\n\n\n\n<p>Lorsque survient un sinistre couvert, pour l\u2019ensemble des biens, l\u2019assureur paiera un montant maximal de la limitation du montant payable. \nLa police formule tous risques, est la police d\u2019assurance habitation la plus compl\u00e8te qui existe. Elle couvre le b\u00e2timent et son contenu contre tous les risques, \u00e0 l\u2019exception de ceux qui y sont express\u00e9ment exclus. \nUne formule d\u2019assurance \u00e9tendue peut constituer un bon compromis. Cette formule procure une assurance tous risques couvrant les \u00e9l\u00e9ments majeurs, tels que le b\u00e2timent, ainsi qu\u2019une assurance pour des risques express\u00e9ment sp\u00e9cifi\u00e9s pour les biens qui s\u2019y trouvent. \nSi vous d\u00e9sirez \u00e9conomiser et assumer vous-m\u00eame certains risques financiers, vous pouvez envisager de souscrire \u00e0 une assurance de base ou risques sp\u00e9cifi\u00e9s. Cette assurance couvre uniquement les risques qui sont express\u00e9ment sp\u00e9cifi\u00e9s \u00e0 votre contrat.<\/p>\n\n\n\n<h3 class=\"wp-block-heading\"><strong><em>Garanties suppl\u00e9mentaires<\/em><\/strong><\/h3>\n\n\n\n<p>Cette garantie s\u2019applique lorsque votre habitation est rendue inutilisable en raison de dommages occasionn\u00e9s aux biens assur\u00e9s par un sinistre couvert. Avec les frais de subsistance suppl\u00e9mentaires, l\u2019assureur vous indemnisera uniquement pour le temps n\u00e9cessaire \u00e0 la remise en \u00e9tat, dans un d\u00e9lai raisonnable, du b\u00e2timent d\u2019habitation ou, le cas \u00e9ch\u00e9ant, pour votre relogement permanent dans une nouvelle habitation. L'assurance locataire est une n\u00e9cessit\u00e9 et elle vous prot\u00e9gera contre les impr\u00e9vus.<\/p>\n\n\n\n<p>Si vous n'avez pas les moyens de remplacer tous vos biens personnels en cas de sinistre, vous devez souscrire \u00e0 une assurance LOCATAIRES OCCUPANTS. L'assurance vous procurera la tranquillit\u00e9 d'esprit que vous m\u00e9ritez, lorsque vous serez confront\u00e9 \u00e0 des circonstances impr\u00e9visibles. Le co\u00fbt de l'assurance locataire d\u00e9pend de divers facteurs.<\/p>\n\n\n\n<p>Un courtier certifi\u00e9 de chez J G\u00c9RARD ET FORTIN ASSOIC\u00c9S INC. vous aidera \u00e0 obtenir la couverture dont vous avez besoin, au prix le plus comp\u00e9titif sur le march\u00e9.\n<br \/><br \/>ASSURANCE DES COPROPRI\u00c9TAIRES OCCUPANTS<br \/><br \/>\nGaranties de l\u2019assurance condo<br \/><br \/>\nPour que votre condo soit bien prot\u00e9g\u00e9, deux contrats d\u2019assurance s\u2019appliquent. \nSi vous \u00eates copropri\u00e9taire, il est important de bien s\u2019informer sur les protections incluses dans votre contrat et celui du syndicat. Il importe aussi de connaitre les montants de franchises applicables lors d\u2019un sinistre pour \u00e9viter toute surprise.<br \/><br \/>\nLe contrat d\u2019assurance du syndicat couvre les dommages caus\u00e9s \u00e0 l\u2019ensemble de l\u2019immeuble, y compris la portion b\u00e2timent de votre unit\u00e9 de condo.<br \/><br \/>\nLe contrat de copropri\u00e9taire couvre les dommages caus\u00e9s \u00e0 vos biens et aux am\u00e9liorations effectu\u00e9es dans votre unit\u00e9 de condo, votre Responsabilit\u00e9 Civile et la r\u00e9partition qui pourrait vous \u00eatre impos\u00e9e par votre syndicat.<br \/><br \/>\nLe syndicat de votre immeuble, ainsi que les copropri\u00e9taires sont tenus, en vertu du Code Civil, d\u2019avoir une assurance contre les risques usuels et en Responsabilit\u00e9 Civile. \n<br \/><br \/>\nPlus pr\u00e9cis\u00e9ment, l\u2019assurance du syndicat est un contrat d\u2019assurance entreprises et doit, entre autres, couvrir :<\/p>\n\n\n\n<p>\u2022 Le b\u00e2timent en lui-m\u00eame, qui inclue les parties communes et les parties communes \u00e0 usage exclusif, comme les halls, les couloirs, les escaliers, les ascenseurs ou la toiture, les garages, etc.;<\/p>\n\n\n\n<p>\u2022 Les biens qui lui appartiennent, comme le mobilier des parties communes; les bancs, la piscine, les \u00e9quipements d\u2019une salle d\u2019entra\u00eenement, etc.<\/p>\n\n\n\n<p>Votre syndicat a donc la responsabilit\u00e9 d\u2019assurer l\u2019immeuble en copropri\u00e9t\u00e9 contre les risques usuels (feu, vol, vandalisme, etc.), mais aussi pour tout ce qui est pr\u00e9cis\u00e9 dans la d\u00e9claration de copropri\u00e9t\u00e9 :<\/p>\n\n\n\n<p>\u2022 Le syndicat a \u00e9galement l\u2019obligation de d\u00e9tenir dans son contrat d\u2019assurance une couverture pour la Responsabilit\u00e9 Civile : pour des membres de son conseil d\u2019administration;<\/p>\n\n\n\n<p>\u2022 L\u2019assurance du syndicat de copropri\u00e9t\u00e9 ne couvre pas votre Responsabilit\u00e9 Civile ni vos biens;<\/p>\n\n\n\n<p>\u2022 Lors d\u2019un sinistre, c\u2019est votre assureur qui indemnise pour votre Responsabilit\u00e9 Civile et vos biens meubles, une assurance habitation de copropri\u00e9taire couvre \u00e9galement les am\u00e9liorations que vous avez apport\u00e9es dans votre condo, ou celles que vous avez acquises au moment de l\u2019achat. Quant \u00e0 l\u2019assurance du syndicat de copropri\u00e9t\u00e9, elle rembourse la valeur originale de l\u2019\u00e9quipement;<\/p>\n\n\n\n<p>\u2022\tSi le copropri\u00e9taire ou un tiers est tenu responsable, les sommes r\u00e9clam\u00e9es sont couvertes en Responsabilit\u00e9 Civile dans leur police d\u2019assurance et le syndicat pourrait le poursuivre pour r\u00e9cup\u00e9rer le montant des dommages non payables par son assureur ou si un tiers (un plombier, par exemple) est responsable, le syndicat pourrait le poursuivre pour la portion non payable par son assureur, mais aussi pour le montant total des dommages au lieu de r\u00e9clamer;<\/p>\n\n\n\n<p>\u2022 Le syndicat doit cr\u00e9er un fonds d\u2019auto assurance qui servira, entre autres, \u00e0 payer la franchise lors de sa prise en charge d\u2019un sinistre. Ce fonds permettra ainsi de disposer rapidement de l\u2019argent n\u00e9cessaire pour r\u00e9parer en cas de sinistre majeur ou de r\u00e9partir le montant de la franchise ou des dommages entre tous les copropri\u00e9taires selon leur quote-part. Ce fonds d\u2019auto assurance sera obligatoire \u00e0 compter du 15 avril 2022.<\/p>\n\n\n\n<p>Le montant du fonds doit correspondre \u00e0 la franchise la plus \u00e9lev\u00e9e du contrat du syndicat (car il peut y en avoir plusieurs), sauf la franchise pour l\u2019inondation et le tremblement de terre.<\/p>\n\n\n\n<p>Depuis le 15 octobre 2020, la loi exige d\u00e9sormais que tout copropri\u00e9taire d\u00e9tienne une assurance qui couvre sa Responsabilit\u00e9 Civile. Une assurance en Responsabilit\u00e9 Civile vous prot\u00e8ge lorsque vous causez involontairement des dommages \u00e0 une autre personne ou \u00e0 ses biens et si vous en \u00eates tenu responsable.<\/p>\n\n\n\n<p><span style=\"height:0px\"><\/span><\/p>\n\n\n\n<p><span style=\"height:0px\"><\/span><\/p>\n\n\n\n<p><span style=\"height:0px\"><\/span><\/p>\n\n\n\n<p><span style=\"height:0px\"><\/span><\/p>\n\n\n\n<p><span style=\"height:0px\"><\/span><\/p>","protected":false},"excerpt":{"rendered":"<p>Whether a Harley\u00ae rider owns a house or a condo or if they are a renter, Harley-Davidson Insurance Provided by My Insurance Broker has you covered!&nbsp; Comprehensive homeowners\u2019 policies, condo packages and tenant insurance are all designed to protect your two most valuable assets \u2013 their family and their home.&nbsp; Customers get to combine discounts [&hellip;]<\/p>","protected":false},"author":1,"featured_media":209,"parent":0,"menu_order":0,"comment_status":"closed","ping_status":"closed","template":"","meta":{"content-type":"","footnotes":""},"class_list":["post-174","page","type-page","status-publish","has-post-thumbnail","hentry"],"_links":{"self":[{"href":"https:\/\/h-dinsurance.ca\/fr\/wp-json\/wp\/v2\/pages\/174","targetHints":{"allow":["GET"]}}],"collection":[{"href":"https:\/\/h-dinsurance.ca\/fr\/wp-json\/wp\/v2\/pages"}],"about":[{"href":"https:\/\/h-dinsurance.ca\/fr\/wp-json\/wp\/v2\/types\/page"}],"author":[{"embeddable":true,"href":"https:\/\/h-dinsurance.ca\/fr\/wp-json\/wp\/v2\/users\/1"}],"replies":[{"embeddable":true,"href":"https:\/\/h-dinsurance.ca\/fr\/wp-json\/wp\/v2\/comments?post=174"}],"version-history":[{"count":7,"href":"https:\/\/h-dinsurance.ca\/fr\/wp-json\/wp\/v2\/pages\/174\/revisions"}],"predecessor-version":[{"id":252,"href":"https:\/\/h-dinsurance.ca\/fr\/wp-json\/wp\/v2\/pages\/174\/revisions\/252"}],"wp:featuredmedia":[{"embeddable":true,"href":"https:\/\/h-dinsurance.ca\/fr\/wp-json\/wp\/v2\/media\/209"}],"wp:attachment":[{"href":"https:\/\/h-dinsurance.ca\/fr\/wp-json\/wp\/v2\/media?parent=174"}],"curies":[{"name":"wp","href":"https:\/\/api.w.org\/{rel}","templated":true}]}}