{"id":172,"date":"2022-01-19T14:56:36","date_gmt":"2022-01-19T19:56:36","guid":{"rendered":"https:\/\/h-dinsurance.ca\/?page_id=172"},"modified":"2022-02-02T13:33:24","modified_gmt":"2022-02-02T18:33:24","slug":"car-insurance","status":"publish","type":"page","link":"https:\/\/h-dinsurance.ca\/fr\/car-insurance\/","title":{"rendered":"Assurance Auto"},"content":{"rendered":"<p>Il n'y a pas deux motocyclistes qui se ressemblent et nous sommes fiers d'\u00e9valuer les besoins individuels des propri\u00e9taires de Harley\u00ae pour cr\u00e9er la meilleure couverture et le meilleur prix disponibles : Une police JUSTE POUR VOUS!   \nEn plus de votre Harley\u00ae, vous pouvez avoir une autre moto ou une voiture que vous souhaitez assurer ensemble pour augmenter vos \u00e9conomies. \nNos courtiers d'assurance certifi\u00e9s travailleront avec vous pour s'assurer que vous ayez la couverture appropri\u00e9e comprenant les limites et les franchises de la couverture standard, notamment la collision, l\u2019accident sans collision, la responsabilit\u00e9 civile et les indemnit\u00e9s d'accidents corporels de la route.  Cette protection inclue \u00e9galement les avantages ainsi que l'examen des indemnit\u00e9s d'accident facultatives suppl\u00e9mentaires sur tous les v\u00e9hicules pour s'assurer qu'eux-m\u00eames et leurs proches sont bien prot\u00e9g\u00e9s.&nbsp;<\/p>\n\n\n\n<p>Avec l'assurance Harley-Davidson\u00ae fournie par My Insurance Broker Corp., les propri\u00e9taires de Harley\u00ae peuvent profiter de tous les rabais auxquels leurs exp\u00e9riences de conduite les rendent admissibles, en plus des autres rabais et avantages disponibles.<br \/>&nbsp;<\/p>\n\n\n\n<h3 class=\"wp-block-heading\"><strong><em>Avantages de l'assurance auto offerts par l'assurance Harley-Davidson\u00ae fournie par My Insurance Broker Corp.* Distribuer par notre partenaire J. G\u00e9rard Fortin et Associ\u00e9s Inc.:<\/em><\/strong>*<\/h3>\n\n\n\n<p><br \/>\n\u2022 Rabais pour conducteur sans condamnation allant jusqu'\u00e0 15 %,  pour les conducteurs n'ayant pas commis d'infraction au code de la route au cours des 3 derni\u00e8res ann\u00e9es;<\/p>\n\n\n\n<p>\u2022 Rabais pour v\u00e9hicules multiples, si vous assurez 2 v\u00e9hicules ou plus aupr\u00e8s de la m\u00eame compagnie d'assurance;<\/p>\n\n\n\n<p>\u2022 Rabais multi-lignes, si vous assurez votre maison et votre voiture aupr\u00e8s du m\u00eame assureur;<\/p>\n\n\n\n<p>\u2022 Rabais de 5 % pour les v\u00e9hicules hybrides ou \u00e9lectriques;<\/p>\n\n\n\n<p>\u2022 Inscription facultative au programme d'assurance bas\u00e9 sur l'utilisateur, pour r\u00e9compenser vos bonnes habitudes de conduite par une r\u00e9duction suppl\u00e9mentaire pouvant atteindre 25 %;<\/p>\n\n\n\n<p>\u2022 Protection des v\u00e9hicules neufs jusqu'\u00e0 7 ans; varie selon les cat\u00e9gories de v\u00e9hicules;&nbsp;&nbsp;&nbsp;&nbsp;&nbsp;&nbsp;&nbsp;&nbsp;<\/p>\n\n\n\n<p>&nbsp;&nbsp;\u2022 Option de franchise \u00e0 0$;<\/p>\n\n\n\n<p>\u2022 Protection contre les condamnations mineures;<\/p>\n\n\n\n<p>\u2022 Pardon en cas d'accident;<\/p>\n\n\n\n<p>\u2022 Voiture de location en cas d'accident ou de vol de votre voiture (Accident\u00e9e ou vol\u00e9e);<\/p>\n\n\n\n<p>\u2022 Des rabais suppl\u00e9mentaires pour la fid\u00e9lit\u00e9 des clients en fonction du nombre d'ann\u00e9es pass\u00e9es par un membre du groupe avec son courtier ou son assureur actuel. (Courtier ou assureur actuel, ainsi que de nombreux autres rabais, notamment pour les \u00e9tudiants et les retrait\u00e9s).<\/p>\n\n\n\n<p><span style=\"height:0px\"><\/span><\/p>\n\n\n\n<p>&nbsp;&nbsp;<span style=\"height:0px\"><\/span><\/p>\n\n\n\n<p><span style=\"height:0px\"><\/span><\/p>\n\n\n\n<p><span style=\"height:0px\"><\/span><\/p>\n\n\n\n<p>&nbsp;&nbsp;<span style=\"height:0px\"><\/span><\/p>\n\n\n\n<h2 class=\"wp-block-heading\"><strong>Responsabilit\u00e9 Civile<\/strong><\/h2>\n\n\n\n<p>Si toutes collisions entre v\u00e9hicules qui entra\u00eenent des dommages mat\u00e9riels, des dommages corporels, y compris le d\u00e9c\u00e8s caus\u00e9 \u00e0 des tiers autre que vous-m\u00eame, la couverture de l'assurance responsabilit\u00e9 civile vous prot\u00e8ge.\n<br \/><br \/>\nLorsqu\u2019une personne assur\u00e9e est poursuivie, l\u2019assureur vous prend en charge en cas de r\u00e9clamation. L\u2019indemnit\u00e9 payable par l\u2019assureur ne peut d\u00e9passer le montant d\u2019assurance auquel s\u2019ajoute les frais couverts par les garanties additionnelles.\n<br \/><br \/>\nChaque province exige que les automobilistes soient couverts pour un montant pr\u00e9cis de responsabilit\u00e9 civile, mais vous pouvez choisir d'augmenter cette limite moyennant un co\u00fbt suppl\u00e9mentaire.  La plupart des polices ont une limite de couverture de 1 000 000 $ ou de 2 000 000 $.  Veuillez-vous adresser \u00e0 nos courtiers certifi\u00e9s pour d\u00e9terminer ce qui est appropri\u00e9 pour vous.<\/p>\n\n\n\n<h3 class=\"wp-block-heading\"><strong>Dommages caus\u00e9s \u00e0 un autre assur\u00e9 d\u00e9sign\u00e9<\/strong><\/h3>\n\n\n\n<p>Lorsqu\u2019un assur\u00e9 d\u00e9sign\u00e9 subit un dommage, du fait d\u2019un autre assur\u00e9 d\u00e9sign\u00e9, celui qui subit le dommage est consid\u00e9r\u00e9 comme une autre personne. Il peut donc \u00eatre indemnis\u00e9 par l\u2019assureur au chapitre A.<\/p>\n\n\n\n<h3 class=\"wp-block-heading\"><strong>Biens transport\u00e9s<\/strong><\/h3>\n\n\n\n<p>L'assur\u00e9 n'a de recours contre son assureur qu'\u00e0 concurrence de 3 000 $ par v\u00e9hicule en ce qui concerne les biens transport\u00e9s appartenant \u00e0 l'assur\u00e9 d\u00e9sign\u00e9 ou au conducteur. Cette indemnit\u00e9 est due en priorit\u00e9 \u00e0 l'assur\u00e9 d\u00e9sign\u00e9. \nL\u2019assureur indemnise d'abord son assur\u00e9 conform\u00e9ment \u00e0 ses obligations contractuelles et applique ensuite la Convention d'indemnisation directe pour toutes les sommes payables au titre de ladite Convention.\nLa Convention d\u2019indemnisation directe est applicable dans le cas d\u2019une collision survenue au Qu\u00e9bec entre au moins deux v\u00e9hicules, et pour laquelle tous les propri\u00e9taires sont identifi\u00e9s. La Convention n\u2019est pas applicable aux \u00c9tats-Unis, ni \u00e0 un d\u00e9lit fuite, ni \u00e0 une collision avec un arbre ou un poteau. \nCes bar\u00e8mes sont bas\u00e9s sur le Code de la s\u00e9curit\u00e9 routi\u00e8re et sur la jurisprudence. L\u2019assureur doit les utiliser pour \u00e9tablir le degr\u00e9 de responsabilit\u00e9 de son assur\u00e9 dans un accident donn\u00e9. Il d\u00e9terminera ainsi l\u2019indemnit\u00e9 \u00e0 lui verser en tenant compte des protections souscrites.<\/p>\n\n\n\n<h3 class=\"wp-block-heading\"><strong>Garantie contre les risques de collisions et de renversement<\/strong><\/h3>\n\n\n\n<p>Par collision, on entend notamment la collision avec le sol, celle se produisant entre deux v\u00e9hicules attel\u00e9s l\u2019un l\u2019autre, toutes collisions entre un v\u00e9hicule assur\u00e9 et une personne ou un animale ou un conducteur non assur\u00e9 et le renversement d\u2019un v\u00e9hicule assur\u00e9, pouvant \u00eatre partiel ou complet.<\/p>\n\n\n\n<h3 class=\"wp-block-heading\"><strong>Garantie contre les risques qui ne sont pas une collision ou un renversement<\/strong><\/h3>\n\n\n\n<p>Cette garantie couvre entre autres les risques sp\u00e9cifiques, les dommages occasionn\u00e9s par les projectiles, les objets qui tombent ou qui volent et l\u2019incendie, (le vol et les actes malveillants peuvent \u00eatre en suppl\u00e9ment)<br \/><br \/>\n*Les couvertures de chaque police fournie par l\u2019assureur Harley-Davidson\u00ae.  Partenaire de My Insurance Broker Corp., les rabais et les avantages varient dans chaque province, pour la province de Qu\u00e9bec, elle sera fournie par J G\u00e9rard Fortin et Associ\u00e9s Inc.<\/p>\n\n\n\n<h3 class=\"wp-block-heading\"><strong><span style=\"height:0px\"><\/span><\/strong><\/h3>\n\n\n\n<p><span style=\"height:0px\"><\/span><\/p>\n\n\n\n<p><em><span style=\"height:0px\"><\/span><\/em><\/p>","protected":false},"excerpt":{"rendered":"<p>No two riders or drivers are alike and we take pride in assessing Harley owner\u2019s individual needs to create the best coverage and the best available price \u2013 a policy JUST FOR YOU!&nbsp; &nbsp;In addition to your Harley, you may have another bike or automobile that you wish to insure together to increase your savings. [&hellip;]<\/p>","protected":false},"author":1,"featured_media":208,"parent":0,"menu_order":0,"comment_status":"closed","ping_status":"closed","template":"","meta":{"content-type":"","footnotes":""},"class_list":["post-172","page","type-page","status-publish","has-post-thumbnail","hentry"],"_links":{"self":[{"href":"https:\/\/h-dinsurance.ca\/fr\/wp-json\/wp\/v2\/pages\/172","targetHints":{"allow":["GET"]}}],"collection":[{"href":"https:\/\/h-dinsurance.ca\/fr\/wp-json\/wp\/v2\/pages"}],"about":[{"href":"https:\/\/h-dinsurance.ca\/fr\/wp-json\/wp\/v2\/types\/page"}],"author":[{"embeddable":true,"href":"https:\/\/h-dinsurance.ca\/fr\/wp-json\/wp\/v2\/users\/1"}],"replies":[{"embeddable":true,"href":"https:\/\/h-dinsurance.ca\/fr\/wp-json\/wp\/v2\/comments?post=172"}],"version-history":[{"count":4,"href":"https:\/\/h-dinsurance.ca\/fr\/wp-json\/wp\/v2\/pages\/172\/revisions"}],"predecessor-version":[{"id":218,"href":"https:\/\/h-dinsurance.ca\/fr\/wp-json\/wp\/v2\/pages\/172\/revisions\/218"}],"wp:featuredmedia":[{"embeddable":true,"href":"https:\/\/h-dinsurance.ca\/fr\/wp-json\/wp\/v2\/media\/208"}],"wp:attachment":[{"href":"https:\/\/h-dinsurance.ca\/fr\/wp-json\/wp\/v2\/media?parent=172"}],"curies":[{"name":"wp","href":"https:\/\/api.w.org\/{rel}","templated":true}]}}