{"id":16,"date":"2021-11-21T16:14:04","date_gmt":"2021-11-21T21:14:04","guid":{"rendered":"https:\/\/h-dinsurance.ca\/?page_id=16"},"modified":"2022-03-01T11:41:46","modified_gmt":"2022-03-01T16:41:46","slug":"about-us","status":"publish","type":"page","link":"https:\/\/h-dinsurance.ca\/fr\/about-us\/","title":{"rendered":"\u00c0 propos de nous"},"content":{"rendered":"<p><h2>\u00c0 propos de J G\u00e9rard Fortin &amp; Associ\u00e9s inc.<\/h2>\n<p>Nous sommes une entreprise qu\u00e9b\u00e9coise familiale, en affaire depuis 1936, qui dessert une client\u00e8le toujours plus fid\u00e8le et grandissante. <\/p>\n<p>Fier partenaire exclusif de My Insurance Broker Corp. pour la distribution des produits d\u2019assurances pour le Qu\u00e9bec, le programme d'assurance Harley-Davidson fourni par My Insurance Broker Corp. est un programme affili\u00e9 \u00e0 Harley-Davidson Inc. et Harley-Davidson Financial Services Inc.<\/p>\n<h2>\n\u00c0 propos de My Insurance Broker Corp.\n<\/h2>\n<p>Qui conna\u00eet mieux les motos Harley-Davidson\u00ae que l'assurance Harley-Davidson\u00ae, fournie par My Insurance Broker Corp ? Personne!  Laissez-nous prot\u00e9ger votre moto et tout ce qui est important pour vous.<\/p><\/p>\n\n\n\n<p>Nos courtiers certifi\u00e9s comprennent ce dont les motocyclistes comme vous ont besoin.  Nous comprenons tous les aspects de l'assurance moto ainsi que les produits d'assurance qui prot\u00e8gent votre maison, votre voiture et votre entreprise.<\/p>\n\n\n\n<p>Nous nous sp\u00e9cialisons dans les couvertures qui aident \u00e0 prot\u00e9ger les motocyclistes Harley\u00ae comme vous et \u00e0 r\u00e9pondre \u00e0 vos besoins uniques; qu'il s'agisse de l'assurance responsabilit\u00e9 civile obligatoire, des v\u00eatements que vous portez ou de la personnalisation de votre moto Harley\u00ae.<\/p>\n\n\n\n<p>My Insurance Broker Corp. appartient \u00e0 100 % \u00e0 des Canadiens et offre une approche locale \u00e0 un programme pancanadien. Avec un seul num\u00e9ro national sans frais pour faciliter l'acc\u00e8s \u00e0 tous les motocyclistes, ainsi que de bureaux et partenaires locaux dans tout le Canada, l'assurance Harley-Davidson fournie par My Insurance Broker Corp. s'engage \u00e0 \u00eatre votre guichet unique pour tous vos besoins d'assurance.<\/p>\n\n\n\n<h2 class=\"wp-block-heading\"><strong>Notre approche des r\u00e9clamations :<\/strong><\/h2>\n\n\n\n<p>*Pour la Province de Qu\u00e9bec, vous r\u00e9f\u00e9rer \u00e0 J G\u00e9rard Fortin et Associ\u00e9s inc.* <br \/><br \/> \nSi vous \u00eates impliqu\u00e9s dans un incident et que vous devez effectuer une r\u00e9clamation, nous sommes l\u00e0 pour vous aider \u00e0 interagir avec l'assureur. Nous savons combien votre moto Harley\u00ae est importante pour vous et nous pouvons vous guider vers un expert charg\u00e9 des sinistres qui a une connaissance approfondie des motos Harley-Davidson\u00ae et qui vous permettra de reprendre la route aussit\u00f4t que possible.<\/p>\n\n\n\n<h2 class=\"wp-block-heading\"><strong>L'histoire de My Insurance Broker Corp.:<\/strong><\/h2>\n\n\n\n<p>Nous sommes fiers de faire partie de la famille Harley\u00ae.  L'assurance Harley-Davidson fournie par My Insurance Broker Corp. est un programme affili\u00e9 \u00e0 Harley-Davidson Inc. et Harley-Davidson Financial Services Inc.<\/p>\n\n\n\n<h2 class=\"wp-block-heading\"><strong>O\u00f9 op\u00e8re My Insurance Broker Corp.?<\/strong><\/h2>\n\n\n\n<p>Nous sommes fiers de prot\u00e9ger les conducteurs de Colombie-Britannique, d\u2019Alberta, d\u2019Ontario, du Qu\u00e9bec, du Nouveau-Brunswick, de l'\u00cele-du-Prince-\u00c9douard et de Nouvelle-\u00c9cosse.  \n<br \/><br \/>***L'assurance Harley-Davidson n'est pas offerte en Saskatchewan, au Manitoba, \u00e0 Terre-Neuve-et-Labrador, au Yukon, dans les Territoires du Nord-Ouest et au Nunavut.<\/p>\n\n\n\n<h2 class=\"wp-block-heading\"><strong>Nos relations avec les compagnies d'assurance :<\/strong><\/h2>\n\n\n\n<p>Au cours de son histoire, My Insurance Broker Corp. a \u00e9t\u00e9 reconnue aupr\u00e8s d'un grand nombre des plus importants assureurs de motos au Canada, notamment Echelon Assurance, Wawanesa, Aviva, Economical et Intact Assurance ainsi que par d'autres grands assureurs motos.  De plus, nous sommes fiers de nous associer \u00e0 d'autres assureurs, dont CAA Insurance (Ontario et provinces maritimes), pour l'assurance habitation et automobile, afin de compl\u00e9ter la police d'assurance moto d'un motocycliste.  Pour une liste compl\u00e8te des assureurs, veuillez consulter notre section \"juridique\".<\/p>\n\n\n\n<h2 class=\"wp-block-heading\"><strong>My Insurance Broker Corp.<\/strong><\/h2>\n\n\n\n<p>Fond\u00e9e en 2008, My Insurance Broker Corp. est l'une des maisons de courtage ax\u00e9es sur la communaut\u00e9 et qui conna\u00eet la croissance la plus rapide au Canada.  D\u00e9tentrice d'un permis pour desservir l'Alberta et l'Ontario, ainsi que d'un partenariat avec Gold Key Insurance en Colombie-Britannique, My Insurance Broker a pour tradition de combiner la connaissance et l'expertise de l'industrie avec un service \u00e0 la client\u00e8le de qualit\u00e9 sup\u00e9rieure, afin d'offrir une exp\u00e9rience client in\u00e9gal\u00e9e, aux prix les plus concurrentiels offerts par nos partenaires courtiers.<\/p>\n\n\n\n<h2 class=\"wp-block-heading\"><strong>Nos partenariats avec des courtiers<\/strong><\/h2>\n\n\n\n<p>Nous sommes heureux de travailler avec des courtiers locaux dans les r\u00e9gions o\u00f9 My Insurance Broker Corp. n'est pas autoris\u00e9 \u00e0 exercer ses activit\u00e9s au Canada. En Colombie-Britannique, Gold Key Insurance est le fournisseur exclusif de l'assurance Harley-Davidson; au Qu\u00e9bec, J. G\u00e9rard Fortin et Associ\u00e9s Inc. est le fournisseur exclusif. Dans les provinces maritimes, y compris la Nouvelle-\u00c9cosse, le Nouveau-Brunswick et l'\u00cele-du-Prince-\u00c9douard, nous sommes heureux de distribuer l'assurance exclusivement par l'interm\u00e9diaire du groupe d'assurance Huestis.<\/p>\n\n\n\n<p>Toutes ces exp\u00e9riences et ces partenariats nous ont men\u00e9s l\u00e0 o\u00f9 nous sommes aujourd'hui, c'est-\u00e0-dire; \u00e0 offrir un nouveau programme d'assurance Harley-Davidson\u00ae unique, con\u00e7u sp\u00e9cialement pour les motocyclistes Harley\u00ae.<\/p>\n\n\n\n<h2 class=\"wp-block-heading\"><strong>Nous nous soucions de vous<\/strong><\/h2>\n\n\n\n<p>Nous sommes d\u00e9di\u00e9s \u00e0 votre s\u00e9curit\u00e9 et \u00e0 celle de vos passagers. C'est pourquoi, nous vous encourageons \u00e0 conduire prudemment de mani\u00e8re s\u00fbre et respectueuse, dans les limites de la loi et de vos capacit\u00e9s.<\/p>\n\n\n\n<p>Portez toujours un casque homologu\u00e9, des lunettes appropri\u00e9es et des v\u00eatements de protection et insistez pour que votre passager fasse de m\u00eame. Ne conduisez jamais sous l'influence de l'alcool ou des drogues.<\/p>\n\n\n\n<p>Enfin, connaissez votre Harley\u00ae; lisez et comprenez votre manuel d'utilisation.<\/p>\n\n\n\n<p>Ensemble, nous pouvons faire notre part pour rendre les routes plus s\u00e9curitaires pour tous.<\/p>","protected":false},"excerpt":{"rendered":"<p>Who knows Harley-Davidson\u00ae motorcycles better than Harley-Davidson Insurance Provided by My Insurance Broker?&nbsp; Nobody!&nbsp; Let us, protect your bike and all that is important to you. Our brokers understand what riders like you need.&nbsp; We understand all aspects of motorcycle insurance as well as insurance products to protect your home and automobiles plus your business [&hellip;]<\/p>","protected":false},"author":1,"featured_media":211,"parent":0,"menu_order":0,"comment_status":"closed","ping_status":"closed","template":"","meta":{"content-type":"","footnotes":""},"class_list":["post-16","page","type-page","status-publish","has-post-thumbnail","hentry"],"_links":{"self":[{"href":"https:\/\/h-dinsurance.ca\/fr\/wp-json\/wp\/v2\/pages\/16","targetHints":{"allow":["GET"]}}],"collection":[{"href":"https:\/\/h-dinsurance.ca\/fr\/wp-json\/wp\/v2\/pages"}],"about":[{"href":"https:\/\/h-dinsurance.ca\/fr\/wp-json\/wp\/v2\/types\/page"}],"author":[{"embeddable":true,"href":"https:\/\/h-dinsurance.ca\/fr\/wp-json\/wp\/v2\/users\/1"}],"replies":[{"embeddable":true,"href":"https:\/\/h-dinsurance.ca\/fr\/wp-json\/wp\/v2\/comments?post=16"}],"version-history":[{"count":3,"href":"https:\/\/h-dinsurance.ca\/fr\/wp-json\/wp\/v2\/pages\/16\/revisions"}],"predecessor-version":[{"id":258,"href":"https:\/\/h-dinsurance.ca\/fr\/wp-json\/wp\/v2\/pages\/16\/revisions\/258"}],"wp:featuredmedia":[{"embeddable":true,"href":"https:\/\/h-dinsurance.ca\/fr\/wp-json\/wp\/v2\/media\/211"}],"wp:attachment":[{"href":"https:\/\/h-dinsurance.ca\/fr\/wp-json\/wp\/v2\/media?parent=16"}],"curies":[{"name":"wp","href":"https:\/\/api.w.org\/{rel}","templated":true}]}}