{"id":13,"date":"2021-11-21T16:13:17","date_gmt":"2021-11-21T21:13:17","guid":{"rendered":"https:\/\/h-dinsurance.ca\/?page_id=13"},"modified":"2022-02-02T13:10:35","modified_gmt":"2022-02-02T18:10:35","slug":"contact-us","status":"publish","type":"page","link":"https:\/\/h-dinsurance.ca\/fr\/contact-us\/","title":{"rendered":"Contactez-nous"},"content":{"rendered":"<div class=\"wp-block-columns is-layout-flex wp-container-core-columns-is-layout-9d6595d7 wp-block-columns-is-layout-flex\">\n<div class=\"wp-block-column is-layout-flow wp-block-column-is-layout-flow\">\n<h1 class=\"contact-heading wp-block-heading\"><span class=\"marked-small\">Pour nous <\/span><br>joindre \u00e0 tout<br>moment<\/h1>\n<\/div>\n\n\n\n<div class=\"wp-block-column is-layout-flow wp-block-column-is-layout-flow\">\n<p class=\"has-text-align-right\">Les courtiers certifi\u00e9s sont disponibles du lundi au vendredi de 9 h 00 \u00e0 20 h 00 (EST) heure normale de l\u2019Est et le samedi de 10 h 00 \u00e0 16 h 00 (EST). Veuillez soumettre votre formulaire et un courtier certifi\u00e9 vous contactera le prochain jour ouvrable ou vous pouvez nous appeler au&nbsp;<a href=\"tel:18444321454\">1 (844) 432-1454<\/a>.<\/p>\n<\/div>\n<\/div>\n\n\n\n<div style=\"height:150px\" aria-hidden=\"true\" class=\"wp-block-spacer\"><\/div>\n\n\n\n<div class=\"wp-block-columns is-layout-flex wp-container-core-columns-is-layout-9d6595d7 wp-block-columns-is-layout-flex\">\n<div class=\"wp-block-column is-layout-flow wp-block-column-is-layout-flow\">\n<svg class=\"conticon\" height=\"61\" id=\"Layer_1\" data-name=\"Layer 1\" xmlns=\"http:\/\/www.w3.org\/2000\/svg\" viewbox=\"0 0 80 80\"><defs><style>.cls-1{fill:#f16622}<\/style><\/defs><path class=\"cls-1\" d=\"M77.53 60.62H69V37.2l2.18 2.18A1.68 1.68 0 1 0 73.51 37L41.16 4.66a1.68 1.68 0 0 0-2.37 0L27.57 15.88V12a1.68 1.68 0 0 0-1.68-1.68H16.3A1.68 1.68 0 0 0 14.62 12v16.83L6.43 37a1.68 1.68 0 0 0 2.37 2.37L11 37.2v23.42H2.47a1.68 1.68 0 1 0 0 3.35H11v10.18a1.68 1.68 0 0 0 1.68 1.68h54.6A1.68 1.68 0 0 0 69 74.15V64h8.58a1.68 1.68 0 1 0 0-3.35ZM18 13.65h6.24v5.58L18 25.48Zm32.08 58.82H29.86V39.88h20.22Zm15.52 0H53.44V38.2a1.68 1.68 0 0 0-1.68-1.68H28.18a1.68 1.68 0 0 0-1.68 1.68v34.27H14.34V34a1.65 1.65 0 0 0 0-.16L40 8.22l25.62 25.65a1.65 1.65 0 0 0 0 .16Z\"><\/path><path class=\"cls-1\" d=\"M45.83 61.61a1.68 1.68 0 0 0 1.68-1.68V58a1.68 1.68 0 1 0-3.35 0v2a1.68 1.68 0 0 0 1.67 1.61Z\"><\/path><\/svg>\n\n\n\n<h3 class=\"has-text-align-center wp-block-heading\">Nous sommes situ\u00e9 au<\/h3>\n\n\n\n<p class=\"has-text-align-center translation-block\">J. G\u00e9rard Fortin et Associ\u00e9s Inc.\n3091 rue B\u00e9langer\nMontr\u00e9al, QC H1Y 1B4<\/p>\n<\/div>\n\n\n\n<div class=\"wp-block-column is-layout-flow wp-block-column-is-layout-flow\">\n<svg class=\"conticon\" height=\"61\" id=\"Layer_1\" data-name=\"Layer 1\" xmlns=\"http:\/\/www.w3.org\/2000\/svg\" viewbox=\"0 0 80 80\"><defs><style>.cls-1{fill:#f26722}<\/style><\/defs><path class=\"cls-1\" d=\"M70.31 7.34H10.07A6.1 6.1 0 0 0 4 13.43v45.18a6.1 6.1 0 0 0 6.09 6.09h20.39l-2 5.89h-9.37a1.57 1.57 0 1 0 0 3.15h42.16a1.57 1.57 0 1 0 0-3.15h-9.4l-2-5.89h20.4a6.1 6.1 0 0 0 6.09-6.09V13.43a6.1 6.1 0 0 0-6.05-6.09ZM48.55 70.59H31.83l2-5.89h12.76Zm24.7-12a3 3 0 0 1-2.95 2.95H10.07a3 3 0 0 1-2.94-2.95V13.43a3 3 0 0 1 2.94-2.94h60.24a3 3 0 0 1 2.95 2.94Z\"><\/path><path class=\"cls-1\" d=\"M68.8 13.37H11.58A1.57 1.57 0 0 0 10 14.94v36.14a1.57 1.57 0 0 0 1.57 1.57H68.8a1.57 1.57 0 0 0 1.57-1.57V14.94a1.57 1.57 0 0 0-1.57-1.57Zm-1.57 36.14H13.15v-33h54.08ZM40.19 54a3.08 3.08 0 1 0 3.08 3.08A3.08 3.08 0 0 0 40.19 54Zm0 3.15a.07.07 0 0 1-.07-.07l.07-.07Z\"><\/path><\/svg>\n\n\n\n<h3 class=\"has-text-align-center wp-block-heading\">Courriel<\/h3>\n\n\n\n<p class=\"has-text-align-center\">hd@jgfortin.com<\/p>\n<\/div>\n\n\n\n<div class=\"wp-block-column is-layout-flow wp-block-column-is-layout-flow\">\n<svg version=\"1.1\" id=\"Capa_1\" class=\"conticon\" xmlns=\"http:\/\/www.w3.org\/2000\/svg\" x=\"0\" y=\"0\" viewbox=\"0 0 53.9 53.9\" height=\"61\" xml:space=\"preserve\"><style>.st0{fill:#f26722}<\/style><path class=\"st0\" d=\"M30 24.9c.3 0 .5-.1.7-.3L46 9.3v9.6c0 .6.4 1 1 1s1-.4 1-1v-12c0-.1 0-.3-.1-.4-.1-.2-.3-.4-.5-.5-.1-.1-.3-.1-.4-.1H35c-.6 0-1 .4-1 1s.4 1 1 1h9.6L29.3 23.2c-.4.4-.4 1 0 1.4.2.2.4.3.7.3z\"><\/path><path class=\"st0\" d=\"M53.4 40.9c-2-3.8-9-7.9-9.3-8.1-1.3-.7-2.6-1-3.7-.6-.8.2-1.5.8-2 1.5-1 1.2-2.3 2.6-2.6 2.9-2.4 1.6-4.2 1.4-6.3-.6L18 24.5c-2-2-2.2-3.9-.6-6.3.2-.3 1.6-1.6 2.9-2.6.8-.5 1.3-1.2 1.5-2 .3-1.1.1-2.4-.7-3.7-.2-.3-4.3-7.3-8.1-9.3-1.9-1-4.3-.7-5.8.9L4.7 4C.7 8-.8 12.6.4 17.5c1 4.1 3.7 8.5 8.3 13.1l14.7 14.7c5.8 5.8 11.3 8.7 16.3 8.7 3.7 0 7.2-1.6 10.3-4.7l2.5-2.5c1.5-1.6 1.9-4 .9-5.9zm-2.3 4.4-2.5 2.5C42 54.4 34 53 24.8 43.8L10.1 29.2c-4.3-4.3-6.9-8.3-7.7-12.1-1-4.3.2-8.1 3.8-11.7l2.5-2.5c.5-.6 1.3-.9 2-.9.5 0 .9.1 1.4.3 3.3 1.7 7.3 8.5 7.3 8.5.4.8.6 1.6.5 2.2-.1.4-.3.6-.7.8l-.2.2c-.9.7-2.9 2.4-3.3 3.1-.6.9-1 1.8-1.2 2.7-.7-1.4-1.3-3.1-1.5-4.9-.1-.5-.5-.9-1.1-.9-.6 0-1 .5-.9 1 .7 7 6.1 11.5 6.4 11.7h.1l10.6 10.6.1.1c0 .1.1.1.1.2.2.2 4.7 4.6 11.6 5.3h.1c.5 0 .9-.4 1-.9.1-.5-.3-1-.9-1.1-2.1-.2-4-.8-5.5-1.6.8-.2 1.5-.6 2.3-1.1.6-.4 2.3-2.5 3.1-3.3l.1-.2c.2-.4.5-.6.8-.7.6-.2 1.4 0 2.2.5.1 0 6.8 4 8.5 7.3.6 1.2.4 2.6-.5 3.5z\"><\/path><\/svg>\n\n\n\n<h3 class=\"has-text-align-center wp-block-heading\">T\u00e9l\u00e9phone<\/h3>\n\n\n\n<p class=\"has-text-align-center\">1 (844) 432-1454<\/p>\n<\/div>\n<\/div>\n\n\n\n<div style=\"height:160px\" aria-hidden=\"true\" class=\"wp-block-spacer\"><\/div>\n\n\n\n<div class=\"wp-block-columns is-layout-flex wp-container-core-columns-is-layout-9d6595d7 wp-block-columns-is-layout-flex\">\n<div class=\"wp-block-column is-layout-flow wp-block-column-is-layout-flow\">\n<div class=\"contimage\" style=\"background-image:url(\/wp-content\/uploads\/2021\/11\/7c18016f-1dee-4b82-bc09-3909f6c04185.jpg)\"><\/div>\n\n\n\n<p><\/p>\n<\/div>\n\n\n\n<div class=\"wp-block-column is-layout-flow wp-block-column-is-layout-flow\">\n<h2 class=\"contactformhead wp-block-heading\">Contactez-nous<\/h2>\n\n\n\n<div class=\"wp-block-contact-form-7-contact-form-selector\">\n<div class=\"wpcf7 no-js\" id=\"wpcf7-f134-o1\" lang=\"en-CA\" dir=\"ltr\" data-wpcf7-id=\"134\">\n<div class=\"screen-reader-response\"><p role=\"status\" aria-live=\"polite\" aria-atomic=\"true\"><\/p> <ul><\/ul><\/div>\n<form action=\"\/wp-json\/wp\/v2\/pages\/13\" method=\"post\" class=\"wpcf7-form init\" aria-label=\"Contact form\" novalidate=\"novalidate\" data-status=\"init\" data-trp-original-action=\"\/fr\/wp-json\/wp\/v2\/pages\/13#wpcf7-f134-o1\">\n<div style=\"display: none;\">\n<input type=\"hidden\" name=\"_wpcf7\" value=\"134\" \/>\n<input type=\"hidden\" name=\"_wpcf7_version\" value=\"6.0.1\" \/>\n<input type=\"hidden\" name=\"_wpcf7_locale\" value=\"en_CA\" \/>\n<input type=\"hidden\" name=\"_wpcf7_unit_tag\" value=\"wpcf7-f134-o1\" \/>\n<input type=\"hidden\" name=\"_wpcf7_container_post\" value=\"0\" \/>\n<input type=\"hidden\" name=\"_wpcf7_posted_data_hash\" value=\"\" \/>\n<input type=\"hidden\" name=\"_wpcf7_recaptcha_response\" value=\"\" \/>\n<\/div>\n<div class=\"contfield field\">\n                    <label for=\"namecont\">Nom<\/label>\n<span class=\"wpcf7-form-control-wrap\" data-name=\"name\"><input size=\"40\" maxlength=\"400\" class=\"wpcf7-form-control wpcf7-text wpcf7-validates-as-required\" aria-required=\"true\" aria-invalid=\"false\" placeholder=\"John Doe\" value=\"\" type=\"text\" name=\"name\" \/><\/span>\n                <\/div>\n<div class=\"contfield field\">\n                    <label for=\"emailcont\">Courriel<\/label>\n<span class=\"wpcf7-form-control-wrap\" data-name=\"email\"><input size=\"40\" maxlength=\"400\" class=\"wpcf7-form-control wpcf7-email wpcf7-validates-as-required wpcf7-text wpcf7-validates-as-email\" aria-required=\"true\" aria-invalid=\"false\" placeholder=\"john@doe.com\" value=\"\" type=\"email\" name=\"email\" \/><\/span>\n                <\/div>\n<div class=\"contfield field\">\n                    <label for=\"messagecont\">Message<\/label>\n<span class=\"wpcf7-form-control-wrap\" data-name=\"message\"><textarea cols=\"40\" rows=\"10\" maxlength=\"2000\" class=\"wpcf7-form-control wpcf7-textarea wpcf7-validates-as-required\" aria-required=\"true\" aria-invalid=\"false\" placeholder=\"Entrez votre message\" name=\"message\"><\/textarea><\/span>\n                <\/div>\n<input class=\"wpcf7-form-control wpcf7-submit has-spinner cta-button\" type=\"submit\" value=\"Envoyer\" \/><div class=\"wpcf7-response-output\" aria-hidden=\"true\"><\/div>\n<input type=\"hidden\" name=\"trp-form-language\" value=\"fr\"\/><\/form>\n<\/div>\n<\/div>\n<\/div>\n<\/div>\n\n\n\n<p class=\"detail-note\">La hauteur du guidon est r\u00e9glement\u00e9e dans de nombreux secteurs, v\u00e9rifier les lois locales pour vous assurer que votre moto est conforme aux r\u00e9glementations applicables.<\/p>","protected":false},"excerpt":{"rendered":"<p>Reach out atanytime Licensed brokers are available from Monday to Friday 9am ET to 8pm ET and Saturday 10am ET to 4pm ET. Please submit the form and the licensed broker will contact you by the next business day or you can call us at&nbsp;1 (844) 432-1454. Our Location 163 Centennial Parkway NHamilton, ON L8E [&hellip;]<\/p>","protected":false},"author":1,"featured_media":0,"parent":0,"menu_order":0,"comment_status":"closed","ping_status":"closed","template":"","meta":{"content-type":"","footnotes":""},"class_list":["post-13","page","type-page","status-publish","hentry"],"_links":{"self":[{"href":"https:\/\/h-dinsurance.ca\/fr\/wp-json\/wp\/v2\/pages\/13","targetHints":{"allow":["GET"]}}],"collection":[{"href":"https:\/\/h-dinsurance.ca\/fr\/wp-json\/wp\/v2\/pages"}],"about":[{"href":"https:\/\/h-dinsurance.ca\/fr\/wp-json\/wp\/v2\/types\/page"}],"author":[{"embeddable":true,"href":"https:\/\/h-dinsurance.ca\/fr\/wp-json\/wp\/v2\/users\/1"}],"replies":[{"embeddable":true,"href":"https:\/\/h-dinsurance.ca\/fr\/wp-json\/wp\/v2\/comments?post=13"}],"version-history":[{"count":30,"href":"https:\/\/h-dinsurance.ca\/fr\/wp-json\/wp\/v2\/pages\/13\/revisions"}],"predecessor-version":[{"id":217,"href":"https:\/\/h-dinsurance.ca\/fr\/wp-json\/wp\/v2\/pages\/13\/revisions\/217"}],"wp:attachment":[{"href":"https:\/\/h-dinsurance.ca\/fr\/wp-json\/wp\/v2\/media?parent=13"}],"curies":[{"name":"wp","href":"https:\/\/api.w.org\/{rel}","templated":true}]}}